{"id":100,"date":"2020-05-10T21:50:38","date_gmt":"2020-05-11T02:50:38","guid":{"rendered":"http:\/\/teleasistenciasaludmental.com\/terms-and-conditions\/"},"modified":"2020-05-21T19:02:10","modified_gmt":"2020-05-22T00:02:10","slug":"terms-and-conditions","status":"publish","type":"page","link":"https:\/\/teleasistenciasaludmental.com\/en\/terms-and-conditions\/","title":{"rendered":"Terms and conditions"},"content":{"rendered":"<p><font style=\"vertical-align: inherit;\"><font style=\"vertical-align: inherit;\">Bienvenido a teleasistencia salud mental. <\/font><font style=\"vertical-align: inherit;\">Si contin\u00faa navegando y utilizando este sitio web, acepta cumplir y estar sujeto a los siguientes t\u00e9rminos y condiciones de uso, que junto con nuestra pol\u00edtica de privacidad rigen la relaci\u00f3n de&nbsp;<\/font><\/font>teleasistencia salud mental&nbsp;con usted en relaci\u00f3n con este sitio web.<\/p><p><font style=\"vertical-align: inherit;\"><font style=\"vertical-align: inherit;\">El t\u00e9rmino<\/font><\/font>&nbsp;teleasistencia salud mental<font style=\"vertical-align: inherit;\">&nbsp;o 'nosotros' se refiere al propietario del sitio web. <\/font><font style=\"vertical-align: inherit;\">El t\u00e9rmino \"usted\" se refiere al usuario o visitante de nuestro sitio web. <\/font><font style=\"vertical-align: inherit;\">El uso de este sitio web est\u00e1 sujeto a los siguientes t\u00e9rminos de uso:<\/font><\/p><ul><li><font style=\"vertical-align: inherit;\"><font style=\"vertical-align: inherit;\">El contenido de las p\u00e1ginas de este sitio web es solo para su informaci\u00f3n general y uso. <\/font><font style=\"vertical-align: inherit;\">Est\u00e1 sujeto a cambios sin previo aviso.<\/font><\/font><\/li><li><font style=\"vertical-align: inherit;\"><font style=\"vertical-align: inherit;\">Ni nosotros ni ning\u00fan tercero brindamos ninguna garant\u00eda o garant\u00eda en cuanto a la precisi\u00f3n, puntualidad, rendimiento, integridad o idoneidad de la informaci\u00f3n y los materiales encontrados u ofrecidos en este sitio web para cualquier prop\u00f3sito particular. <\/font><font style=\"vertical-align: inherit;\">Usted reconoce que dicha informaci\u00f3n y materiales pueden contener imprecisiones o errores y excluimos expresamente la responsabilidad por tales inexactitudes o errores en la medida m\u00e1xima permitida por la ley.<\/font><\/font><\/li><li><font style=\"vertical-align: inherit;\"><font style=\"vertical-align: inherit;\">El uso de cualquier informaci\u00f3n o material en este sitio web es bajo su propio riesgo, por lo que no seremos responsables. <\/font><font style=\"vertical-align: inherit;\">Ser\u00e1 su responsabilidad asegurarse de que cualquier producto, servicio o informaci\u00f3n disponible a trav\u00e9s de este sitio web cumpla con sus requisitos espec\u00edficos.<\/font><\/font><\/li><li><font style=\"vertical-align: inherit;\"><font style=\"vertical-align: inherit;\">Este sitio web contiene material que nos pertenece o tiene licencia. <\/font><font style=\"vertical-align: inherit;\">Este material incluye, entre otros, el dise\u00f1o, el dise\u00f1o, el aspecto, la apariencia y los gr\u00e1ficos. <\/font><font style=\"vertical-align: inherit;\">Se proh\u00edbe la reproducci\u00f3n, salvo de conformidad con el aviso de copyright, que forma parte de estos t\u00e9rminos y condiciones.<\/font><\/font><\/li><li><font style=\"vertical-align: inherit;\"><font style=\"vertical-align: inherit;\">Todas las marcas registradas que se reproducen en este sitio web, que no son propiedad ni est\u00e1n autorizadas por el operador, se reconocen en el sitio web.<\/font><\/font><\/li><li><font style=\"vertical-align: inherit;\"><font style=\"vertical-align: inherit;\">El uso no autorizado de este sitio web puede dar lugar a una reclamaci\u00f3n por da\u00f1os y perjuicios y \/ o ser un delito penal.<\/font><\/font><\/li><li><font style=\"vertical-align: inherit;\"><font style=\"vertical-align: inherit;\">De vez en cuando, este sitio web tambi\u00e9n puede incluir enlaces a otros sitios web. <\/font><font style=\"vertical-align: inherit;\">Estos enlaces se proporcionan para su conveniencia para proporcionar m\u00e1s informaci\u00f3n. <\/font><font style=\"vertical-align: inherit;\">No significan que respaldamos los sitios web. <\/font><font style=\"vertical-align: inherit;\">No tenemos responsabilidad por el contenido de los sitios web vinculados.<\/font><\/font><\/li><li><font style=\"vertical-align: inherit;\"><font style=\"vertical-align: inherit;\">No puede crear un enlace a este sitio web desde otro sitio web o documento sin el consentimiento previo por escrito de teleasistencia salud mental.<\/font><\/font><\/li><\/ul>","protected":false},"excerpt":{"rendered":"<p>Bienvenido a teleasistencia salud mental. Si contin\u00faa navegando y utilizando este sitio web, acepta cumplir y estar sujeto a los siguientes t\u00e9rminos y condiciones de uso, que junto con nuestra pol\u00edtica de privacidad rigen la relaci\u00f3n de&nbsp;teleasistencia salud mental&nbsp;con usted en relaci\u00f3n con este sitio web.El t\u00e9rmino&nbsp;teleasistencia salud mental&nbsp;o &#8216;nosotros&#8217; [&hellip;]<\/p>\n","protected":false},"author":3,"featured_media":232,"parent":0,"menu_order":0,"comment_status":"closed","ping_status":"closed","template":"","meta":{"nf_dc_page":"","om_disable_all_campaigns":false,"_monsterinsights_skip_tracking":false,"_monsterinsights_sitenote_active":false,"_monsterinsights_sitenote_note":"","_monsterinsights_sitenote_category":0,"footnotes":""},"class_list":["post-100","page","type-page","status-publish","has-post-thumbnail","hentry"],"yoast_head":"<!-- This site is optimized with the Yoast SEO plugin v27.4 - https:\/\/yoast.com\/product\/yoast-seo-wordpress\/ -->\n<title>T\u00e9rminos y condiciones - teleasistenciasaludmental<\/title>\n<meta name=\"robots\" content=\"index, follow, max-snippet:-1, max-image-preview:large, max-video-preview:-1\" \/>\n<link rel=\"canonical\" href=\"https:\/\/teleasistenciasaludmental.com\/en\/terms-and-conditions\/\" \/>\n<meta property=\"og:locale\" content=\"en_US\" \/>\n<meta property=\"og:type\" content=\"article\" \/>\n<meta property=\"og:title\" content=\"T\u00e9rminos y condiciones - teleasistenciasaludmental\" \/>\n<meta property=\"og:description\" content=\"Bienvenido a teleasistencia salud mental. Si contin\u00faa navegando y utilizando este sitio web, acepta cumplir y estar sujeto a los siguientes t\u00e9rminos y condiciones de uso, que junto con nuestra pol\u00edtica de privacidad rigen la relaci\u00f3n de&nbsp;teleasistencia salud mental&nbsp;con usted en relaci\u00f3n con este sitio web.El t\u00e9rmino&nbsp;teleasistencia salud mental&nbsp;o &#039;nosotros&#039; [&hellip;]\" \/>\n<meta property=\"og:url\" content=\"https:\/\/teleasistenciasaludmental.com\/en\/terms-and-conditions\/\" \/>\n<meta property=\"og:site_name\" content=\"teleasistenciasaludmental\" \/>\n<meta property=\"article:publisher\" content=\"https:\/\/www.facebook.com\/Teleasistencia-Salud-Mental-107421707697246\/?modal=admin_todo_tour\" \/>\n<meta property=\"article:modified_time\" content=\"2020-05-22T00:02:10+00:00\" \/>\n<meta property=\"og:image\" content=\"https:\/\/mlri61txc0sf.i.optimole.com\/w:auto\/h:auto\/q:mauto\/f:best\/https:\/\/teleasistenciasaludmental.com\/content-teleasistenciasaludmental\/uploads\/2020\/05\/fondo-1.jpg\" \/>\n\t<meta property=\"og:image:width\" content=\"1920\" \/>\n\t<meta property=\"og:image:height\" content=\"1390\" \/>\n\t<meta property=\"og:image:type\" content=\"image\/jpeg\" \/>\n<meta name=\"twitter:card\" content=\"summary_large_image\" \/>\n<meta name=\"twitter:site\" content=\"@teleasistencia3\" \/>\n<script type=\"application\/ld+json\" class=\"yoast-schema-graph\">{\"@context\":\"https:\\\/\\\/schema.org\",\"@graph\":[{\"@type\":\"WebPage\",\"@id\":\"https:\\\/\\\/teleasistenciasaludmental.com\\\/terms-and-conditions\\\/\",\"url\":\"https:\\\/\\\/teleasistenciasaludmental.com\\\/terms-and-conditions\\\/\",\"name\":\"T\u00e9rminos y condiciones - teleasistenciasaludmental\",\"isPartOf\":{\"@id\":\"https:\\\/\\\/teleasistenciasaludmental.com\\\/#website\"},\"primaryImageOfPage\":{\"@id\":\"https:\\\/\\\/teleasistenciasaludmental.com\\\/terms-and-conditions\\\/#primaryimage\"},\"image\":{\"@id\":\"https:\\\/\\\/teleasistenciasaludmental.com\\\/terms-and-conditions\\\/#primaryimage\"},\"thumbnailUrl\":\"https:\\/\\/i0.wp.com\\/teleasistenciasaludmental.com\\/content-teleasistenciasaludmental\\/uploads\\/2020\\/05\\/fondo-1.jpg?fit=1920%2C1390&ssl=1\",\"datePublished\":\"2020-05-11T02:50:38+00:00\",\"dateModified\":\"2020-05-22T00:02:10+00:00\",\"breadcrumb\":{\"@id\":\"https:\\\/\\\/teleasistenciasaludmental.com\\\/terms-and-conditions\\\/#breadcrumb\"},\"inLanguage\":\"en-US\",\"potentialAction\":[{\"@type\":\"ReadAction\",\"target\":[\"https:\\\/\\\/teleasistenciasaludmental.com\\\/terms-and-conditions\\\/\"]}]},{\"@type\":\"ImageObject\",\"inLanguage\":\"en-US\",\"@id\":\"https:\\\/\\\/teleasistenciasaludmental.com\\\/terms-and-conditions\\\/#primaryimage\",\"url\":\"https:\\/\\/i0.wp.com\\/teleasistenciasaludmental.com\\/content-teleasistenciasaludmental\\/uploads\\/2020\\/05\\/fondo-1.jpg?fit=1920%2C1390&ssl=1\",\"contentUrl\":\"https:\\/\\/i0.wp.com\\/teleasistenciasaludmental.com\\/content-teleasistenciasaludmental\\/uploads\\/2020\\/05\\/fondo-1.jpg?fit=1920%2C1390&ssl=1\",\"width\":1920,\"height\":1390,\"caption\":\"fondo atras\"},{\"@type\":\"BreadcrumbList\",\"@id\":\"https:\\\/\\\/teleasistenciasaludmental.com\\\/terms-and-conditions\\\/#breadcrumb\",\"itemListElement\":[{\"@type\":\"ListItem\",\"position\":1,\"name\":\"Portada\",\"item\":\"https:\\\/\\\/teleasistenciasaludmental.com\\\/\"},{\"@type\":\"ListItem\",\"position\":2,\"name\":\"T\u00e9rminos y condiciones\"}]},{\"@type\":\"WebSite\",\"@id\":\"https:\\\/\\\/teleasistenciasaludmental.com\\\/#website\",\"url\":\"https:\\\/\\\/teleasistenciasaludmental.com\\\/\",\"name\":\"teleasistenciasaludmental\",\"description\":\"Bienestar y Salud Mental\",\"publisher\":{\"@id\":\"https:\\\/\\\/teleasistenciasaludmental.com\\\/#organization\"},\"potentialAction\":[{\"@type\":\"SearchAction\",\"target\":{\"@type\":\"EntryPoint\",\"urlTemplate\":\"https:\\\/\\\/teleasistenciasaludmental.com\\\/?s={search_term_string}\"},\"query-input\":{\"@type\":\"PropertyValueSpecification\",\"valueRequired\":true,\"valueName\":\"search_term_string\"}}],\"inLanguage\":\"en-US\"},{\"@type\":\"Organization\",\"@id\":\"https:\\\/\\\/teleasistenciasaludmental.com\\\/#organization\",\"name\":\"BOOKTHEM C.L.\",\"url\":\"https:\\\/\\\/teleasistenciasaludmental.com\\\/\",\"logo\":{\"@type\":\"ImageObject\",\"inLanguage\":\"en-US\",\"@id\":\"https:\\\/\\\/teleasistenciasaludmental.com\\\/#\\\/schema\\\/logo\\\/image\\\/\",\"url\":\"https:\\/\\/teleasistenciasaludmental.com\\/content-teleasistenciasaludmental\\/uploads\\/2020\\/05\\/LOGO-BOOKTHEM-1.png\",\"contentUrl\":\"https:\\/\\/teleasistenciasaludmental.com\\/content-teleasistenciasaludmental\\/uploads\\/2020\\/05\\/LOGO-BOOKTHEM-1.png\",\"width\":203,\"height\":67,\"caption\":\"BOOKTHEM C.L.\"},\"image\":{\"@id\":\"https:\\\/\\\/teleasistenciasaludmental.com\\\/#\\\/schema\\\/logo\\\/image\\\/\"},\"sameAs\":[\"https:\\\/\\\/www.facebook.com\\\/Teleasistencia-Salud-Mental-107421707697246\\\/?modal=admin_todo_tour\",\"https:\\\/\\\/x.com\\\/teleasistencia3\",\"https:\\\/\\\/www.instagram.com\\\/teleasistenciasalud\\\/\",\"https:\\\/\\\/www.linkedin.com\\\/company\\\/66281504\\\/admin\\\/\"]}]}<\/script>\n<!-- \/ Yoast SEO plugin. -->","yoast_head_json":{"title":"T\u00e9rminos y condiciones - teleasistenciasaludmental","robots":{"index":"index","follow":"follow","max-snippet":"max-snippet:-1","max-image-preview":"max-image-preview:large","max-video-preview":"max-video-preview:-1"},"canonical":"https:\/\/teleasistenciasaludmental.com\/en\/terms-and-conditions\/","og_locale":"en_US","og_type":"article","og_title":"T\u00e9rminos y condiciones - teleasistenciasaludmental","og_description":"Bienvenido a teleasistencia salud mental. Si contin\u00faa navegando y utilizando este sitio web, acepta cumplir y estar sujeto a los siguientes t\u00e9rminos y condiciones de uso, que junto con nuestra pol\u00edtica de privacidad rigen la relaci\u00f3n de&nbsp;teleasistencia salud mental&nbsp;con usted en relaci\u00f3n con este sitio web.El t\u00e9rmino&nbsp;teleasistencia salud mental&nbsp;o 'nosotros' [&hellip;]","og_url":"https:\/\/teleasistenciasaludmental.com\/en\/terms-and-conditions\/","og_site_name":"teleasistenciasaludmental","article_publisher":"https:\/\/www.facebook.com\/Teleasistencia-Salud-Mental-107421707697246\/?modal=admin_todo_tour","article_modified_time":"2020-05-22T00:02:10+00:00","og_image":[{"width":1920,"height":1390,"url":"https:\/\/mlri61txc0sf.i.optimole.com\/w:auto\/h:auto\/q:mauto\/f:best\/https:\/\/teleasistenciasaludmental.com\/content-teleasistenciasaludmental\/uploads\/2020\/05\/fondo-1.jpg","type":"image\/jpeg"}],"twitter_card":"summary_large_image","twitter_site":"@teleasistencia3","schema":{"@context":"https:\/\/schema.org","@graph":[{"@type":"WebPage","@id":"https:\/\/teleasistenciasaludmental.com\/terms-and-conditions\/","url":"https:\/\/teleasistenciasaludmental.com\/terms-and-conditions\/","name":"T\u00e9rminos y condiciones - teleasistenciasaludmental","isPartOf":{"@id":"https:\/\/teleasistenciasaludmental.com\/#website"},"primaryImageOfPage":{"@id":"https:\/\/teleasistenciasaludmental.com\/terms-and-conditions\/#primaryimage"},"image":{"@id":"https:\/\/teleasistenciasaludmental.com\/terms-and-conditions\/#primaryimage"},"thumbnailUrl":"https:\/\/mlri61txc0sf.i.optimole.com\/w:auto\/h:auto\/q:mauto\/f:best\/https:\/\/i0.wp.com\/teleasistenciasaludmental.com\/content-teleasistenciasaludmental\/uploads\/2020\/05\/fondo-1.jpg?fit=1920%2C1390&ssl=1","datePublished":"2020-05-11T02:50:38+00:00","dateModified":"2020-05-22T00:02:10+00:00","breadcrumb":{"@id":"https:\/\/teleasistenciasaludmental.com\/terms-and-conditions\/#breadcrumb"},"inLanguage":"en-US","potentialAction":[{"@type":"ReadAction","target":["https:\/\/teleasistenciasaludmental.com\/terms-and-conditions\/"]}]},{"@type":"ImageObject","inLanguage":"en-US","@id":"https:\/\/teleasistenciasaludmental.com\/terms-and-conditions\/#primaryimage","url":"https:\/\/mlri61txc0sf.i.optimole.com\/w:auto\/h:auto\/q:mauto\/f:best\/https:\/\/i0.wp.com\/teleasistenciasaludmental.com\/content-teleasistenciasaludmental\/uploads\/2020\/05\/fondo-1.jpg?fit=1920%2C1390&ssl=1","contentUrl":"https:\/\/mlri61txc0sf.i.optimole.com\/w:auto\/h:auto\/q:mauto\/f:best\/https:\/\/i0.wp.com\/teleasistenciasaludmental.com\/content-teleasistenciasaludmental\/uploads\/2020\/05\/fondo-1.jpg?fit=1920%2C1390&ssl=1","width":1920,"height":1390,"caption":"fondo atras"},{"@type":"BreadcrumbList","@id":"https:\/\/teleasistenciasaludmental.com\/terms-and-conditions\/#breadcrumb","itemListElement":[{"@type":"ListItem","position":1,"name":"Portada","item":"https:\/\/teleasistenciasaludmental.com\/"},{"@type":"ListItem","position":2,"name":"T\u00e9rminos y condiciones"}]},{"@type":"WebSite","@id":"https:\/\/teleasistenciasaludmental.com\/#website","url":"https:\/\/teleasistenciasaludmental.com\/","name":"teleasistenciasaludmental","description":"Bienestar y Salud Mental","publisher":{"@id":"https:\/\/teleasistenciasaludmental.com\/#organization"},"potentialAction":[{"@type":"SearchAction","target":{"@type":"EntryPoint","urlTemplate":"https:\/\/teleasistenciasaludmental.com\/?s={search_term_string}"},"query-input":{"@type":"PropertyValueSpecification","valueRequired":true,"valueName":"search_term_string"}}],"inLanguage":"en-US"},{"@type":"Organization","@id":"https:\/\/teleasistenciasaludmental.com\/#organization","name":"BOOKTHEM C.L.","url":"https:\/\/teleasistenciasaludmental.com\/","logo":{"@type":"ImageObject","inLanguage":"en-US","@id":"https:\/\/teleasistenciasaludmental.com\/#\/schema\/logo\/image\/","url":"https:\/\/mlri61txc0sf.i.optimole.com\/w:auto\/h:auto\/q:mauto\/f:best\/https:\/\/teleasistenciasaludmental.com\/content-teleasistenciasaludmental\/uploads\/2020\/05\/LOGO-BOOKTHEM-1.png","contentUrl":"https:\/\/mlri61txc0sf.i.optimole.com\/w:auto\/h:auto\/q:mauto\/f:best\/https:\/\/teleasistenciasaludmental.com\/content-teleasistenciasaludmental\/uploads\/2020\/05\/LOGO-BOOKTHEM-1.png","width":203,"height":67,"caption":"BOOKTHEM C.L."},"image":{"@id":"https:\/\/teleasistenciasaludmental.com\/#\/schema\/logo\/image\/"},"sameAs":["https:\/\/www.facebook.com\/Teleasistencia-Salud-Mental-107421707697246\/?modal=admin_todo_tour","https:\/\/x.com\/teleasistencia3","https:\/\/www.instagram.com\/teleasistenciasalud\/","https:\/\/www.linkedin.com\/company\/66281504\/admin\/"]}]}},"jetpack_sharing_enabled":true,"_links":{"self":[{"href":"https:\/\/teleasistenciasaludmental.com\/en\/wp-json\/wp\/v2\/pages\/100","targetHints":{"allow":["GET"]}}],"collection":[{"href":"https:\/\/teleasistenciasaludmental.com\/en\/wp-json\/wp\/v2\/pages"}],"about":[{"href":"https:\/\/teleasistenciasaludmental.com\/en\/wp-json\/wp\/v2\/types\/page"}],"author":[{"embeddable":true,"href":"https:\/\/teleasistenciasaludmental.com\/en\/wp-json\/wp\/v2\/users\/3"}],"replies":[{"embeddable":true,"href":"https:\/\/teleasistenciasaludmental.com\/en\/wp-json\/wp\/v2\/comments?post=100"}],"version-history":[{"count":2,"href":"https:\/\/teleasistenciasaludmental.com\/en\/wp-json\/wp\/v2\/pages\/100\/revisions"}],"predecessor-version":[{"id":339,"href":"https:\/\/teleasistenciasaludmental.com\/en\/wp-json\/wp\/v2\/pages\/100\/revisions\/339"}],"wp:featuredmedia":[{"embeddable":true,"href":"https:\/\/teleasistenciasaludmental.com\/en\/wp-json\/wp\/v2\/media\/232"}],"wp:attachment":[{"href":"https:\/\/teleasistenciasaludmental.com\/en\/wp-json\/wp\/v2\/media?parent=100"}],"curies":[{"name":"wp","href":"https:\/\/api.w.org\/{rel}","templated":true}]}}