{"id":2391,"date":"2021-03-02T21:04:36","date_gmt":"2021-03-03T02:04:36","guid":{"rendered":"https:\/\/teleasistenciasaludmental.com\/?page_id=2391"},"modified":"2025-03-19T20:55:24","modified_gmt":"2025-03-20T01:55:24","slug":"elementor-2391","status":"publish","type":"page","link":"https:\/\/teleasistenciasaludmental.com\/en\/elementor-2391\/","title":{"rendered":"RESERVANOS"},"content":{"rendered":"\t\t<div data-elementor-type=\"wp-page\" data-elementor-id=\"2391\" class=\"elementor elementor-2391\">\n\t\t\t\t\t\t<section class=\"elementor-section elementor-top-section elementor-element elementor-element-7f93900 elementor-section-boxed elementor-section-height-default elementor-section-height-default\" data-id=\"7f93900\" data-element_type=\"section\" data-e-type=\"section\">\n\t\t\t\t\t\t<div class=\"elementor-container elementor-column-gap-default\">\n\t\t\t\t\t<div class=\"elementor-column elementor-col-100 elementor-top-column elementor-element elementor-element-728fbba\" data-id=\"728fbba\" data-element_type=\"column\" data-e-type=\"column\">\n\t\t\t<div class=\"elementor-widget-wrap elementor-element-populated\">\n\t\t\t\t\t\t<div class=\"elementor-element elementor-element-d9348bf animated-slow elementor-invisible elementor-widget elementor-widget-heading\" data-id=\"d9348bf\" data-element_type=\"widget\" data-e-type=\"widget\" data-settings=\"{&quot;_animation&quot;:&quot;fadeInLeft&quot;,&quot;_animation_delay&quot;:100}\" data-widget_type=\"heading.default\">\n\t\t\t\t<div class=\"elementor-widget-container\">\n\t\t\t\t\t<h1 class=\"elementor-heading-title elementor-size-xxl\">\u00a1Reserva tu Servicio!<\/h1>\t\t\t\t<\/div>\n\t\t\t\t<\/div>\n\t\t\t\t\t<\/div>\n\t\t<\/div>\n\t\t\t\t\t<\/div>\n\t\t<\/section>\n\t\t\t\t<section class=\"elementor-section elementor-top-section elementor-element elementor-element-9178169 elementor-section-boxed elementor-section-height-default elementor-section-height-default\" data-id=\"9178169\" data-element_type=\"section\" data-e-type=\"section\">\n\t\t\t\t\t\t<div class=\"elementor-container elementor-column-gap-default\">\n\t\t\t\t\t<div class=\"elementor-column elementor-col-100 elementor-top-column elementor-element elementor-element-c95309d\" data-id=\"c95309d\" data-element_type=\"column\" data-e-type=\"column\">\n\t\t\t<div class=\"elementor-widget-wrap\">\n\t\t\t\t\t\t\t<\/div>\n\t\t<\/div>\n\t\t\t\t\t<\/div>\n\t\t<\/section>\n\t\t\t\t<section class=\"elementor-section elementor-top-section elementor-element elementor-element-24009bf elementor-section-boxed elementor-section-height-default elementor-section-height-default\" data-id=\"24009bf\" data-element_type=\"section\" data-e-type=\"section\">\n\t\t\t\t\t\t<div class=\"elementor-container elementor-column-gap-default\">\n\t\t\t\t\t<div class=\"elementor-column elementor-col-100 elementor-top-column elementor-element elementor-element-527a3c4\" data-id=\"527a3c4\" data-element_type=\"column\" data-e-type=\"column\">\n\t\t\t<div class=\"elementor-widget-wrap elementor-element-populated\">\n\t\t\t\t\t\t<div class=\"elementor-element elementor-element-8aa56a0 elementor-align-center elementor-widget elementor-widget-button\" data-id=\"8aa56a0\" data-element_type=\"widget\" data-e-type=\"widget\" data-widget_type=\"button.default\">\n\t\t\t\t<div class=\"elementor-widget-container\">\n\t\t\t\t\t\t\t\t\t<div class=\"elementor-button-wrapper\">\n\t\t\t\t\t<a class=\"elementor-button elementor-button-link elementor-size-lg\" href=\"tel:+593995516677\">\n\t\t\t\t\t\t<span class=\"elementor-button-content-wrapper\">\n\t\t\t\t\t\t<span class=\"elementor-button-icon\">\n\t\t\t\t<i aria-hidden=\"true\" class=\"fas fa-phone-alt\"><\/i>\t\t\t<\/span>\n\t\t\t\t\t\t\t\t\t<span class=\"elementor-button-text\">Presione aqu\u00ed para atenci\u00f3n informativa Call Center 0995516677<\/span>\n\t\t\t\t\t<\/span>\n\t\t\t\t\t<\/a>\n\t\t\t\t<\/div>\n\t\t\t\t\t\t\t\t<\/div>\n\t\t\t\t<\/div>\n\t\t\t\t<div class=\"elementor-element elementor-element-0f42ba9 elementor-align-center elementor-invisible elementor-widget elementor-widget-button\" data-id=\"0f42ba9\" data-element_type=\"widget\" data-e-type=\"widget\" data-settings=\"{&quot;_animation&quot;:&quot;lightSpeedIn&quot;}\" data-widget_type=\"button.default\">\n\t\t\t\t<div class=\"elementor-widget-container\">\n\t\t\t\t\t\t\t\t\t<div class=\"elementor-button-wrapper\">\n\t\t\t\t\t<a class=\"elementor-button elementor-button-link elementor-size-xl\" href=\"https:\/\/api.whatsapp.com\/send\/?phone=593989402649&#038;text&#038;app_absent=0\">\n\t\t\t\t\t\t<span class=\"elementor-button-content-wrapper\">\n\t\t\t\t\t\t<span class=\"elementor-button-icon\">\n\t\t\t\t<i aria-hidden=\"true\" class=\"far fa-comment-dots\"><\/i>\t\t\t<\/span>\n\t\t\t\t\t\t\t\t\t<span class=\"elementor-button-text\">Agenda tu Servicio por WhatsApp<\/span>\n\t\t\t\t\t<\/span>\n\t\t\t\t\t<\/a>\n\t\t\t\t<\/div>\n\t\t\t\t\t\t\t\t<\/div>\n\t\t\t\t<\/div>\n\t\t\t\t<div class=\"elementor-element elementor-element-7176752 elementor-widget elementor-widget-image\" data-id=\"7176752\" data-element_type=\"widget\" data-e-type=\"widget\" data-widget_type=\"image.default\">\n\t\t\t\t<div class=\"elementor-widget-container\">\n\t\t\t\t\t\t\t\t\t\t\t\t\t\t\t<img data-opt-id=350791065  fetchpriority=\"high\" data-recalc-dims=\"1\" loading=\"lazy\" decoding=\"async\" loading=\"lazy\" width=\"750\" height=\"1125\" src=\"https:\/\/mlri61txc0sf.i.optimole.com\/w:auto\/h:auto\/q:mauto\/f:best\/https:\/\/i0.wp.com\/mlri61txc0sf.i.optimole.com\/w%3A720\/h%3A1080\/q%3Amauto\/f%3Abest\/https%3A\/\/teleasistenciasaludmental.com\/content-teleasistenciasaludmental\/uploads\/2020\/12\/TELECONSULTA.jpeg?resize=750%2C1125&#038;ssl=1\" class=\"attachment-full size-full wp-image-2037\" alt=\"\" srcset=\"https:\/\/mlri61txc0sf.i.optimole.com\/w:720\/h:1080\/q:mauto\/f:best\/https:\/\/teleasistenciasaludmental.com\/content-teleasistenciasaludmental\/uploads\/2020\/12\/TELECONSULTA.jpeg 1500w, https:\/\/mlri61txc0sf.i.optimole.com\/w:200\/h:1080\/q:mauto\/f:best\/https:\/\/teleasistenciasaludmental.com\/content-teleasistenciasaludmental\/uploads\/2020\/12\/TELECONSULTA.jpeg 200w, https:\/\/mlri61txc0sf.i.optimole.com\/w:683\/h:1080\/q:mauto\/f:best\/https:\/\/teleasistenciasaludmental.com\/content-teleasistenciasaludmental\/uploads\/2020\/12\/TELECONSULTA.jpeg 683w, https:\/\/mlri61txc0sf.i.optimole.com\/w:768\/h:1080\/q:mauto\/f:best\/https:\/\/teleasistenciasaludmental.com\/content-teleasistenciasaludmental\/uploads\/2020\/12\/TELECONSULTA.jpeg 768w, https:\/\/mlri61txc0sf.i.optimole.com\/w:1024\/h:1080\/q:mauto\/f:best\/https:\/\/teleasistenciasaludmental.com\/content-teleasistenciasaludmental\/uploads\/2020\/12\/TELECONSULTA.jpeg 1024w, https:\/\/mlri61txc0sf.i.optimole.com\/w:1365\/h:1080\/q:mauto\/f:best\/https:\/\/teleasistenciasaludmental.com\/content-teleasistenciasaludmental\/uploads\/2020\/12\/TELECONSULTA.jpeg 1365w, https:\/\/mlri61txc0sf.i.optimole.com\/w:8\/h:1080\/q:mauto\/f:best\/https:\/\/teleasistenciasaludmental.com\/content-teleasistenciasaludmental\/uploads\/2020\/12\/TELECONSULTA.jpeg 8w\" sizes=\"auto, (max-width: 750px) 100vw, 750px\" \/>\t\t\t\t\t\t\t\t\t\t\t\t\t\t\t<\/div>\n\t\t\t\t<\/div>\n\t\t\t\t<div class=\"elementor-element elementor-element-b8a939c elementor-widget elementor-widget-text-editor\" data-id=\"b8a939c\" data-element_type=\"widget\" data-e-type=\"widget\" data-widget_type=\"text-editor.default\">\n\t\t\t\t<div class=\"elementor-widget-container\">\n\t\t\t\t\t\t\t\t\t<p><span style=\"font-family: arial, helvetica, sans-serif; font-size: 18pt;\">Reserva tu Servicio en l\u00ednea o Solicita tu Cotizaci\u00f3n desde cualquier sitio, las 24 horas del d\u00eda, desde tu dispositivo en la comodidad de tu hogar o trabajo, verifica en tu celular o correo<\/span><\/p>\t\t\t\t\t\t\t\t<\/div>\n\t\t\t\t<\/div>\n\t\t\t\t<div class=\"elementor-element elementor-element-65543a2 elementor-widget elementor-widget-text-editor\" data-id=\"65543a2\" data-element_type=\"widget\" data-e-type=\"widget\" data-widget_type=\"text-editor.default\">\n\t\t\t\t<div class=\"elementor-widget-container\">\n\t\t\t\t\t\t\t\t\t<p><!--\nPlugin Name: Bookly - Responsive WordPress Appointment Booking and Scheduling Plugin\nPlugin URI: https:\/\/www.booking-wp-plugin.com\/?utm_source=bookly_admin&utm_medium=plugins_page&utm_campaign=plugins_page\nVersion: 27.5-->\n<style type=\"text\/css\">\n    :root {\n        --bookly-main-color: #2387b8 !important;\n        --bookly-color: #2387b8 !important;\n    }\n\n    <\/style><div class=\"bookly-css-root\">\n    <div id=\"bookly-form-container-69ea1b5ad3dad\" class=\"bookly-form\" data-form_id=\"\" aria-live=\"polite\">\n        <div style=\"text-align: center\"><img data-opt-id=109227212  fetchpriority=\"high\" decoding=\"async\" data-recalc-dims=\"1\" loading=\"lazy\" src=\"https:\/\/mlri61txc0sf.i.optimole.com\/w:auto\/h:auto\/q:mauto\/f:best\/https:\/\/i0.wp.com\/teleasistenciasaludmental.com\/wp-includes\/js\/tinymce\/skins\/lightgray\/img\/loader.gif?w=750&#038;ssl=1\" alt=\"Loading...\"\/><\/div>\n    <\/div>\n<\/div>\n<script type=\"text\/javascript\">\n    (function (win, fn) {\n        var done = false, top = true,\n            doc = win.document,\n            root = doc.documentElement,\n            modern = doc.addEventListener,\n            add = modern ? 'addEventListener' : 'attachEvent',\n            rem = modern ? 'removeEventListener' : 'detachEvent',\n            pre = modern ? '' : 'on',\n            init = function (e) {\n                if (e.type == 'readystatechange') if (doc.readyState != 'complete') return;\n                (e.type == 'load' ? win : doc)[rem](pre + e.type, init, false);\n                if (!done) {\n                    done = true;\n                    fn.call(win, e.type || e);\n                }\n            },\n            poll = function () {\n                try {\n                    root.doScroll('left');\n                } catch (e) {\n                    setTimeout(poll, 50);\n                    return;\n                }\n                init('poll');\n            };\n        if (doc.readyState == 'complete') fn.call(win, 'lazy');\n        else {\n            if (!modern) if (root.doScroll) {\n                try {\n                    top = !win.frameElement;\n                } catch (e) {\n                }\n                if (top) poll();\n            }\n            doc[add](pre + 'DOMContentLoaded', init, false);\n            doc[add](pre + 'readystatechange', init, false);\n            win[add](pre + 'load', init, false);\n        }\n    })(window, function () {\n        window.bookly( {\"form_id\":\"69ea1b5ad3dad\",\"form_data\":{\"skip_service_step\":0,\"hide_service_part1\":0,\"hide_service_part2\":0,\"defaults\":{\"service_id\":0,\"staff_id\":0,\"location_id\":0,\"category_id\":0,\"units\":0,\"date_from\":0,\"time_from\":0,\"time_to\":0}},\"status\":{\"booking\":\"new\"},\"form_token\":null,\"skip_steps\":{\"service_part1\":0,\"service_part2\":0,\"extras\":1,\"time\":0,\"repeat\":1,\"cart\":1},\"errors\":{\"session_error\":\"Session error.\",\"form_id_error\":\"Form ID error.\",\"cart_item_not_available\":\"La hora seleccionada ya no est\\u00e1 disponible. Por favor elije otra ranura de hora.\",\"pay_locally_not_available\":\"Pay locally is not available.\",\"invalid_gateway\":\"Invalid gateway.\",\"payment_error\":\"Error.\",\"incorrect_username_password\":\"Incorrect username or password.\"},\"form_attributes\":{\"hide_categories\":false,\"hide_services\":false,\"hide_staff_members\":false,\"show_number_of_persons\":false,\"hide_service_duration\":true,\"hide_locations\":true,\"hide_quantity\":true,\"hide_date\":false,\"hide_week_days\":false,\"hide_time_range\":false},\"use_client_time_zone\":1,\"defaults\":{\"service_id\":0,\"staff_id\":0,\"location_id\":0,\"category_id\":0},\"datepicker_mode\":\"text-accent\",\"facebook\":{\"enabled\":0,\"appId\":\"\"}} );\n    });\n<\/script><\/p>\t\t\t\t\t\t\t\t<\/div>\n\t\t\t\t<\/div>\n\t\t\t\t\t<\/div>\n\t\t<\/div>\n\t\t\t\t\t<\/div>\n\t\t<\/section>\n\t\t\t\t<\/div>\n\t\t","protected":false},"excerpt":{"rendered":"<p>\u00a1Reserva tu Servicio! Presione aqu\u00ed para atenci\u00f3n informativa Call Center 0995516677 Agenda tu Servicio por WhatsApp Reserva tu Servicio en l\u00ednea o Solicita tu Cotizaci\u00f3n desde cualquier sitio, las 24 horas del d\u00eda, desde tu dispositivo en la comodidad de tu hogar o trabajo, verifica en tu celular o correo<\/p>","protected":false},"author":3,"featured_media":0,"parent":0,"menu_order":0,"comment_status":"closed","ping_status":"closed","template":"page-templates\/template-pagebuilder-full-width.php","meta":{"nf_dc_page":"","om_disable_all_campaigns":false,"_monsterinsights_skip_tracking":false,"_monsterinsights_sitenote_active":false,"_monsterinsights_sitenote_note":"","_monsterinsights_sitenote_category":0,"footnotes":""},"class_list":["post-2391","page","type-page","status-publish","hentry"],"yoast_head":"<!-- This site is optimized with the Yoast SEO plugin v27.4 - https:\/\/yoast.com\/product\/yoast-seo-wordpress\/ -->\n<title>RESERVANOS - teleasistenciasaludmental<\/title>\n<meta name=\"robots\" content=\"index, follow, max-snippet:-1, max-image-preview:large, max-video-preview:-1\" \/>\n<link rel=\"canonical\" href=\"https:\/\/teleasistenciasaludmental.com\/en\/elementor-2391\/\" \/>\n<meta property=\"og:locale\" content=\"en_US\" \/>\n<meta property=\"og:type\" content=\"article\" \/>\n<meta property=\"og:title\" content=\"RESERVANOS - teleasistenciasaludmental\" \/>\n<meta property=\"og:description\" content=\"\u00a1Reserva tu Servicio! Presione aqu\u00ed para atenci\u00f3n informativa Call Center 0995516677 Agenda tu Servicio por WhatsApp Reserva tu Servicio en l\u00ednea o Solicita tu Cotizaci\u00f3n desde cualquier sitio, las 24 horas del d\u00eda, desde tu dispositivo en la comodidad de tu hogar o trabajo, verifica en tu celular o correo\" \/>\n<meta property=\"og:url\" content=\"https:\/\/teleasistenciasaludmental.com\/en\/elementor-2391\/\" \/>\n<meta property=\"og:site_name\" content=\"teleasistenciasaludmental\" \/>\n<meta property=\"article:publisher\" content=\"https:\/\/www.facebook.com\/Teleasistencia-Salud-Mental-107421707697246\/?modal=admin_todo_tour\" \/>\n<meta property=\"article:modified_time\" content=\"2025-03-20T01:55:24+00:00\" \/>\n<meta property=\"og:image\" content=\"https:\/\/mlri61txc0sf.i.optimole.com\/w:auto\/h:auto\/q:mauto\/f:best\/https:\/\/teleasistenciasaludmental.com\/content-teleasistenciasaludmental\/uploads\/2020\/12\/TELECONSULTA.jpeg\" \/>\n<meta name=\"twitter:card\" content=\"summary_large_image\" \/>\n<meta name=\"twitter:site\" content=\"@teleasistencia3\" \/>\n<meta name=\"twitter:label1\" content=\"Est. reading time\" \/>\n\t<meta name=\"twitter:data1\" content=\"1 minute\" \/>\n<script type=\"application\/ld+json\" class=\"yoast-schema-graph\">{\"@context\":\"https:\\\/\\\/schema.org\",\"@graph\":[{\"@type\":\"WebPage\",\"@id\":\"https:\\\/\\\/teleasistenciasaludmental.com\\\/elementor-2391\\\/\",\"url\":\"https:\\\/\\\/teleasistenciasaludmental.com\\\/elementor-2391\\\/\",\"name\":\"RESERVANOS - teleasistenciasaludmental\",\"isPartOf\":{\"@id\":\"https:\\\/\\\/teleasistenciasaludmental.com\\\/#website\"},\"primaryImageOfPage\":{\"@id\":\"https:\\\/\\\/teleasistenciasaludmental.com\\\/elementor-2391\\\/#primaryimage\"},\"image\":{\"@id\":\"https:\\\/\\\/teleasistenciasaludmental.com\\\/elementor-2391\\\/#primaryimage\"},\"thumbnailUrl\":\"https:\\/\\/teleasistenciasaludmental.com\\/content-teleasistenciasaludmental\\/uploads\\/2020\\/12\\/TELECONSULTA.jpeg\",\"datePublished\":\"2021-03-03T02:04:36+00:00\",\"dateModified\":\"2025-03-20T01:55:24+00:00\",\"breadcrumb\":{\"@id\":\"https:\\\/\\\/teleasistenciasaludmental.com\\\/elementor-2391\\\/#breadcrumb\"},\"inLanguage\":\"en-US\",\"potentialAction\":[{\"@type\":\"ReadAction\",\"target\":[\"https:\\\/\\\/teleasistenciasaludmental.com\\\/elementor-2391\\\/\"]}]},{\"@type\":\"ImageObject\",\"inLanguage\":\"en-US\",\"@id\":\"https:\\\/\\\/teleasistenciasaludmental.com\\\/elementor-2391\\\/#primaryimage\",\"url\":\"https:\\/\\/teleasistenciasaludmental.com\\/content-teleasistenciasaludmental\\/uploads\\/2020\\/12\\/TELECONSULTA.jpeg\",\"contentUrl\":\"https:\\/\\/teleasistenciasaludmental.com\\/content-teleasistenciasaludmental\\/uploads\\/2020\\/12\\/TELECONSULTA.jpeg\"},{\"@type\":\"BreadcrumbList\",\"@id\":\"https:\\\/\\\/teleasistenciasaludmental.com\\\/elementor-2391\\\/#breadcrumb\",\"itemListElement\":[{\"@type\":\"ListItem\",\"position\":1,\"name\":\"Portada\",\"item\":\"https:\\\/\\\/teleasistenciasaludmental.com\\\/\"},{\"@type\":\"ListItem\",\"position\":2,\"name\":\"RESERVARNOS\"}]},{\"@type\":\"WebSite\",\"@id\":\"https:\\\/\\\/teleasistenciasaludmental.com\\\/#website\",\"url\":\"https:\\\/\\\/teleasistenciasaludmental.com\\\/\",\"name\":\"teleasistenciasaludmental\",\"description\":\"Bienestar y Salud Mental\",\"publisher\":{\"@id\":\"https:\\\/\\\/teleasistenciasaludmental.com\\\/#organization\"},\"potentialAction\":[{\"@type\":\"SearchAction\",\"target\":{\"@type\":\"EntryPoint\",\"urlTemplate\":\"https:\\\/\\\/teleasistenciasaludmental.com\\\/?s={search_term_string}\"},\"query-input\":{\"@type\":\"PropertyValueSpecification\",\"valueRequired\":true,\"valueName\":\"search_term_string\"}}],\"inLanguage\":\"en-US\"},{\"@type\":\"Organization\",\"@id\":\"https:\\\/\\\/teleasistenciasaludmental.com\\\/#organization\",\"name\":\"BOOKTHEM C.L.\",\"url\":\"https:\\\/\\\/teleasistenciasaludmental.com\\\/\",\"logo\":{\"@type\":\"ImageObject\",\"inLanguage\":\"en-US\",\"@id\":\"https:\\\/\\\/teleasistenciasaludmental.com\\\/#\\\/schema\\\/logo\\\/image\\\/\",\"url\":\"https:\\/\\/teleasistenciasaludmental.com\\/content-teleasistenciasaludmental\\/uploads\\/2020\\/05\\/LOGO-BOOKTHEM-1.png\",\"contentUrl\":\"https:\\/\\/teleasistenciasaludmental.com\\/content-teleasistenciasaludmental\\/uploads\\/2020\\/05\\/LOGO-BOOKTHEM-1.png\",\"width\":203,\"height\":67,\"caption\":\"BOOKTHEM C.L.\"},\"image\":{\"@id\":\"https:\\\/\\\/teleasistenciasaludmental.com\\\/#\\\/schema\\\/logo\\\/image\\\/\"},\"sameAs\":[\"https:\\\/\\\/www.facebook.com\\\/Teleasistencia-Salud-Mental-107421707697246\\\/?modal=admin_todo_tour\",\"https:\\\/\\\/x.com\\\/teleasistencia3\",\"https:\\\/\\\/www.instagram.com\\\/teleasistenciasalud\\\/\",\"https:\\\/\\\/www.linkedin.com\\\/company\\\/66281504\\\/admin\\\/\"]}]}<\/script>\n<!-- \/ Yoast SEO plugin. -->","yoast_head_json":{"title":"RESERVANOS - teleasistenciasaludmental","robots":{"index":"index","follow":"follow","max-snippet":"max-snippet:-1","max-image-preview":"max-image-preview:large","max-video-preview":"max-video-preview:-1"},"canonical":"https:\/\/teleasistenciasaludmental.com\/en\/elementor-2391\/","og_locale":"en_US","og_type":"article","og_title":"RESERVANOS - teleasistenciasaludmental","og_description":"\u00a1Reserva tu Servicio! Presione aqu\u00ed para atenci\u00f3n informativa Call Center 0995516677 Agenda tu Servicio por WhatsApp Reserva tu Servicio en l\u00ednea o Solicita tu Cotizaci\u00f3n desde cualquier sitio, las 24 horas del d\u00eda, desde tu dispositivo en la comodidad de tu hogar o trabajo, verifica en tu celular o correo","og_url":"https:\/\/teleasistenciasaludmental.com\/en\/elementor-2391\/","og_site_name":"teleasistenciasaludmental","article_publisher":"https:\/\/www.facebook.com\/Teleasistencia-Salud-Mental-107421707697246\/?modal=admin_todo_tour","article_modified_time":"2025-03-20T01:55:24+00:00","og_image":[{"url":"https:\/\/mlri61txc0sf.i.optimole.com\/w:auto\/h:auto\/q:mauto\/f:best\/https:\/\/teleasistenciasaludmental.com\/content-teleasistenciasaludmental\/uploads\/2020\/12\/TELECONSULTA.jpeg","type":"","width":"","height":""}],"twitter_card":"summary_large_image","twitter_site":"@teleasistencia3","twitter_misc":{"Est. reading time":"1 minute"},"schema":{"@context":"https:\/\/schema.org","@graph":[{"@type":"WebPage","@id":"https:\/\/teleasistenciasaludmental.com\/elementor-2391\/","url":"https:\/\/teleasistenciasaludmental.com\/elementor-2391\/","name":"RESERVANOS - teleasistenciasaludmental","isPartOf":{"@id":"https:\/\/teleasistenciasaludmental.com\/#website"},"primaryImageOfPage":{"@id":"https:\/\/teleasistenciasaludmental.com\/elementor-2391\/#primaryimage"},"image":{"@id":"https:\/\/teleasistenciasaludmental.com\/elementor-2391\/#primaryimage"},"thumbnailUrl":"https:\/\/mlri61txc0sf.i.optimole.com\/w:auto\/h:auto\/q:mauto\/f:best\/https:\/\/teleasistenciasaludmental.com\/content-teleasistenciasaludmental\/uploads\/2020\/12\/TELECONSULTA.jpeg","datePublished":"2021-03-03T02:04:36+00:00","dateModified":"2025-03-20T01:55:24+00:00","breadcrumb":{"@id":"https:\/\/teleasistenciasaludmental.com\/elementor-2391\/#breadcrumb"},"inLanguage":"en-US","potentialAction":[{"@type":"ReadAction","target":["https:\/\/teleasistenciasaludmental.com\/elementor-2391\/"]}]},{"@type":"ImageObject","inLanguage":"en-US","@id":"https:\/\/teleasistenciasaludmental.com\/elementor-2391\/#primaryimage","url":"https:\/\/mlri61txc0sf.i.optimole.com\/w:auto\/h:auto\/q:mauto\/f:best\/https:\/\/teleasistenciasaludmental.com\/content-teleasistenciasaludmental\/uploads\/2020\/12\/TELECONSULTA.jpeg","contentUrl":"https:\/\/mlri61txc0sf.i.optimole.com\/w:auto\/h:auto\/q:mauto\/f:best\/https:\/\/teleasistenciasaludmental.com\/content-teleasistenciasaludmental\/uploads\/2020\/12\/TELECONSULTA.jpeg"},{"@type":"BreadcrumbList","@id":"https:\/\/teleasistenciasaludmental.com\/elementor-2391\/#breadcrumb","itemListElement":[{"@type":"ListItem","position":1,"name":"Portada","item":"https:\/\/teleasistenciasaludmental.com\/"},{"@type":"ListItem","position":2,"name":"RESERVARNOS"}]},{"@type":"WebSite","@id":"https:\/\/teleasistenciasaludmental.com\/#website","url":"https:\/\/teleasistenciasaludmental.com\/","name":"teleasistenciasaludmental","description":"Bienestar y Salud Mental","publisher":{"@id":"https:\/\/teleasistenciasaludmental.com\/#organization"},"potentialAction":[{"@type":"SearchAction","target":{"@type":"EntryPoint","urlTemplate":"https:\/\/teleasistenciasaludmental.com\/?s={search_term_string}"},"query-input":{"@type":"PropertyValueSpecification","valueRequired":true,"valueName":"search_term_string"}}],"inLanguage":"en-US"},{"@type":"Organization","@id":"https:\/\/teleasistenciasaludmental.com\/#organization","name":"BOOKTHEM C.L.","url":"https:\/\/teleasistenciasaludmental.com\/","logo":{"@type":"ImageObject","inLanguage":"en-US","@id":"https:\/\/teleasistenciasaludmental.com\/#\/schema\/logo\/image\/","url":"https:\/\/mlri61txc0sf.i.optimole.com\/w:auto\/h:auto\/q:mauto\/f:best\/https:\/\/teleasistenciasaludmental.com\/content-teleasistenciasaludmental\/uploads\/2020\/05\/LOGO-BOOKTHEM-1.png","contentUrl":"https:\/\/mlri61txc0sf.i.optimole.com\/w:auto\/h:auto\/q:mauto\/f:best\/https:\/\/teleasistenciasaludmental.com\/content-teleasistenciasaludmental\/uploads\/2020\/05\/LOGO-BOOKTHEM-1.png","width":203,"height":67,"caption":"BOOKTHEM C.L."},"image":{"@id":"https:\/\/teleasistenciasaludmental.com\/#\/schema\/logo\/image\/"},"sameAs":["https:\/\/www.facebook.com\/Teleasistencia-Salud-Mental-107421707697246\/?modal=admin_todo_tour","https:\/\/x.com\/teleasistencia3","https:\/\/www.instagram.com\/teleasistenciasalud\/","https:\/\/www.linkedin.com\/company\/66281504\/admin\/"]}]}},"jetpack_sharing_enabled":true,"_links":{"self":[{"href":"https:\/\/teleasistenciasaludmental.com\/en\/wp-json\/wp\/v2\/pages\/2391","targetHints":{"allow":["GET"]}}],"collection":[{"href":"https:\/\/teleasistenciasaludmental.com\/en\/wp-json\/wp\/v2\/pages"}],"about":[{"href":"https:\/\/teleasistenciasaludmental.com\/en\/wp-json\/wp\/v2\/types\/page"}],"author":[{"embeddable":true,"href":"https:\/\/teleasistenciasaludmental.com\/en\/wp-json\/wp\/v2\/users\/3"}],"replies":[{"embeddable":true,"href":"https:\/\/teleasistenciasaludmental.com\/en\/wp-json\/wp\/v2\/comments?post=2391"}],"version-history":[{"count":26,"href":"https:\/\/teleasistenciasaludmental.com\/en\/wp-json\/wp\/v2\/pages\/2391\/revisions"}],"predecessor-version":[{"id":7943,"href":"https:\/\/teleasistenciasaludmental.com\/en\/wp-json\/wp\/v2\/pages\/2391\/revisions\/7943"}],"wp:attachment":[{"href":"https:\/\/teleasistenciasaludmental.com\/en\/wp-json\/wp\/v2\/media?parent=2391"}],"curies":[{"name":"wp","href":"https:\/\/api.w.org\/{rel}","templated":true}]}}