{"id":93,"date":"2020-05-09T20:48:07","date_gmt":"2020-05-09T20:48:07","guid":{"rendered":"http:\/\/teleasistenciasaludmental.com\/?page_id=93"},"modified":"2025-04-27T18:22:58","modified_gmt":"2025-04-27T23:22:58","slug":"acerca-de-nosotros","status":"publish","type":"page","link":"https:\/\/teleasistenciasaludmental.com\/en\/acerca-de-nosotros\/","title":{"rendered":"\u00bfQui\u00e9nes somos?"},"content":{"rendered":"<h2 class=\"wp-block-heading has-text-align-center\"><span style=\"font-family: arial, helvetica, sans-serif;\">\u00a1Bienvenidos!<\/span><\/h2>\n\n\n\n<p>BOOKTHEM C\u00cdA. LTDA., desde a\u00f1o 2015 prestando servicios de Call Center Internacionales dirijido por GERENTES DE COMUNICACI\u00d3N para Atenci\u00f3n al Cliente, Ventas y Cobranza, especialistas en campa\u00f1as de ventas de productos, Recuperaci\u00f3n de cartera de Instituciones Bancarias y prestaci\u00f3n de varios servicios. Utilizamos INTELIGENCIA ARTIFICIAL Y AGENTES VIRTUALES para HIPERAUTOMATIZAR PROCESOS en las Empresas y Negocios. VENDEMOS Y OFRECEMOS TUS PRODUCTOS Y SERVICIOS LOS 365 D\u00cdAS DEL A\u00d1O a nivel Nacional e Internacional en forma presencial y remota.<\/p>\n\n\n\n<p>Profesionales en Implementaci\u00f3n e instalaci\u00f3n y asesoramiento de Call Centers en Empresas y Negocios.<\/p>\n\n\n\n<p> CONSULTORES, CAPACITADORES Y DESAROLLADORES DE NEGOCIOS EMPRESARIALES. <\/p>\n\n\n\n<p>Especialistas en EVALUACION AUTOMATIZADA DE RIEGOS PSICOSOCIALES.<\/p>\n\n\n\n<p class=\"has-text-align-justify\">Tenemos ALIANZAS  CON SOCIOS ESTRAT\u00c9GICOS INTERNACIONALES Consultores Extranjeros y Empresas especialistas en Capacitaci\u00f3n Empresarial y Negocios de EEUU, M\u00e9xico, Nicaragua, Colombia.<\/p>","protected":false},"excerpt":{"rendered":"<p>\u00a1Bienvenidos! BOOKTHEM C\u00cdA. LTDA., desde a\u00f1o 2015 prestando servicios de Call Center Internacionales dirijido por GERENTES DE COMUNICACI\u00d3N para Atenci\u00f3n al Cliente, Ventas y Cobranza, especialistas en campa\u00f1as de ventas de productos, Recuperaci\u00f3n de cartera de Instituciones Bancarias y prestaci\u00f3n de varios servicios. Utilizamos INTELIGENCIA ARTIFICIAL Y AGENTES VIRTUALES para [&hellip;]<\/p>\n","protected":false},"author":3,"featured_media":1147,"parent":0,"menu_order":0,"comment_status":"closed","ping_status":"closed","template":"","meta":{"nf_dc_page":"","om_disable_all_campaigns":false,"_monsterinsights_skip_tracking":false,"_monsterinsights_sitenote_active":false,"_monsterinsights_sitenote_note":"","_monsterinsights_sitenote_category":0,"footnotes":""},"class_list":["post-93","page","type-page","status-publish","has-post-thumbnail","hentry"],"yoast_head":"<!-- This site is optimized with the Yoast SEO plugin v27.4 - https:\/\/yoast.com\/product\/yoast-seo-wordpress\/ -->\n<title>Que es tele asistencia salud mental y m\u00e9dico domicilio, psic\u00f3logo, m\u00e9dico.<\/title>\n<meta name=\"description\" content=\"Somos un equipo de psic\u00f3logos profesionales con diferentes especialidades en psicolog\u00eda y un equipo de m\u00e9dicos con diferentes especialidades..\" \/>\n<meta name=\"robots\" content=\"index, follow, max-snippet:-1, max-image-preview:large, max-video-preview:-1\" \/>\n<link rel=\"canonical\" href=\"https:\/\/teleasistenciasaludmental.com\/en\/acerca-de-nosotros\/\" \/>\n<meta property=\"og:locale\" content=\"en_US\" \/>\n<meta property=\"og:type\" content=\"article\" \/>\n<meta property=\"og:title\" content=\"Que es tele asistencia salud mental y m\u00e9dico domicilio, psic\u00f3logo, m\u00e9dico.\" \/>\n<meta property=\"og:description\" content=\"Somos un equipo de psic\u00f3logos profesionales con diferentes especialidades en psicolog\u00eda y un equipo de m\u00e9dicos con diferentes especialidades..\" \/>\n<meta property=\"og:url\" content=\"https:\/\/teleasistenciasaludmental.com\/en\/acerca-de-nosotros\/\" \/>\n<meta property=\"og:site_name\" content=\"teleasistenciasaludmental\" \/>\n<meta property=\"article:publisher\" content=\"https:\/\/www.facebook.com\/Teleasistencia-Salud-Mental-107421707697246\/?modal=admin_todo_tour\" \/>\n<meta property=\"article:modified_time\" content=\"2025-04-27T23:22:58+00:00\" \/>\n<meta property=\"og:image\" content=\"https:\/\/mlri61txc0sf.i.optimole.com\/w:auto\/h:auto\/q:mauto\/f:best\/https:\/\/teleasistenciasaludmental.com\/content-teleasistenciasaludmental\/uploads\/2020\/08\/pexels-christina-morillo-1181396.jpg\" \/>\n\t<meta property=\"og:image:width\" content=\"611\" \/>\n\t<meta property=\"og:image:height\" content=\"408\" \/>\n\t<meta property=\"og:image:type\" content=\"image\/jpeg\" \/>\n<meta name=\"twitter:card\" content=\"summary_large_image\" \/>\n<meta name=\"twitter:site\" content=\"@teleasistencia3\" \/>\n<meta name=\"twitter:label1\" content=\"Est. reading time\" \/>\n\t<meta name=\"twitter:data1\" content=\"1 minute\" \/>\n<script type=\"application\/ld+json\" class=\"yoast-schema-graph\">{\"@context\":\"https:\\\/\\\/schema.org\",\"@graph\":[{\"@type\":\"WebPage\",\"@id\":\"https:\\\/\\\/teleasistenciasaludmental.com\\\/acerca-de-nosotros\\\/\",\"url\":\"https:\\\/\\\/teleasistenciasaludmental.com\\\/acerca-de-nosotros\\\/\",\"name\":\"Que es tele asistencia salud mental y m\u00e9dico domicilio, psic\u00f3logo, m\u00e9dico.\",\"isPartOf\":{\"@id\":\"https:\\\/\\\/teleasistenciasaludmental.com\\\/#website\"},\"primaryImageOfPage\":{\"@id\":\"https:\\\/\\\/teleasistenciasaludmental.com\\\/acerca-de-nosotros\\\/#primaryimage\"},\"image\":{\"@id\":\"https:\\\/\\\/teleasistenciasaludmental.com\\\/acerca-de-nosotros\\\/#primaryimage\"},\"thumbnailUrl\":\"https:\\/\\/i0.wp.com\\/teleasistenciasaludmental.com\\/content-teleasistenciasaludmental\\/uploads\\/2020\\/08\\/pexels-christina-morillo-1181396.jpg?fit=611%2C408&ssl=1\",\"datePublished\":\"2020-05-09T20:48:07+00:00\",\"dateModified\":\"2025-04-27T23:22:58+00:00\",\"description\":\"Somos un equipo de psic\u00f3logos profesionales con diferentes especialidades en psicolog\u00eda y un equipo de m\u00e9dicos con diferentes especialidades..\",\"breadcrumb\":{\"@id\":\"https:\\\/\\\/teleasistenciasaludmental.com\\\/acerca-de-nosotros\\\/#breadcrumb\"},\"inLanguage\":\"en-US\",\"potentialAction\":[{\"@type\":\"ReadAction\",\"target\":[\"https:\\\/\\\/teleasistenciasaludmental.com\\\/acerca-de-nosotros\\\/\"]}]},{\"@type\":\"ImageObject\",\"inLanguage\":\"en-US\",\"@id\":\"https:\\\/\\\/teleasistenciasaludmental.com\\\/acerca-de-nosotros\\\/#primaryimage\",\"url\":\"https:\\/\\/i0.wp.com\\/teleasistenciasaludmental.com\\/content-teleasistenciasaludmental\\/uploads\\/2020\\/08\\/pexels-christina-morillo-1181396.jpg?fit=611%2C408&ssl=1\",\"contentUrl\":\"https:\\/\\/i0.wp.com\\/teleasistenciasaludmental.com\\/content-teleasistenciasaludmental\\/uploads\\/2020\\/08\\/pexels-christina-morillo-1181396.jpg?fit=611%2C408&ssl=1\",\"width\":\"611\",\"height\":\"408\",\"caption\":\"pexels-christina-morillo-1181396\"},{\"@type\":\"BreadcrumbList\",\"@id\":\"https:\\\/\\\/teleasistenciasaludmental.com\\\/acerca-de-nosotros\\\/#breadcrumb\",\"itemListElement\":[{\"@type\":\"ListItem\",\"position\":1,\"name\":\"Portada\",\"item\":\"https:\\\/\\\/teleasistenciasaludmental.com\\\/\"},{\"@type\":\"ListItem\",\"position\":2,\"name\":\"\u00bfQui\u00e9nes somos?\"}]},{\"@type\":\"WebSite\",\"@id\":\"https:\\\/\\\/teleasistenciasaludmental.com\\\/#website\",\"url\":\"https:\\\/\\\/teleasistenciasaludmental.com\\\/\",\"name\":\"teleasistenciasaludmental\",\"description\":\"Bienestar y Salud Mental\",\"publisher\":{\"@id\":\"https:\\\/\\\/teleasistenciasaludmental.com\\\/#organization\"},\"potentialAction\":[{\"@type\":\"SearchAction\",\"target\":{\"@type\":\"EntryPoint\",\"urlTemplate\":\"https:\\\/\\\/teleasistenciasaludmental.com\\\/?s={search_term_string}\"},\"query-input\":{\"@type\":\"PropertyValueSpecification\",\"valueRequired\":true,\"valueName\":\"search_term_string\"}}],\"inLanguage\":\"en-US\"},{\"@type\":\"Organization\",\"@id\":\"https:\\\/\\\/teleasistenciasaludmental.com\\\/#organization\",\"name\":\"BOOKTHEM C.L.\",\"url\":\"https:\\\/\\\/teleasistenciasaludmental.com\\\/\",\"logo\":{\"@type\":\"ImageObject\",\"inLanguage\":\"en-US\",\"@id\":\"https:\\\/\\\/teleasistenciasaludmental.com\\\/#\\\/schema\\\/logo\\\/image\\\/\",\"url\":\"https:\\/\\/teleasistenciasaludmental.com\\/content-teleasistenciasaludmental\\/uploads\\/2020\\/05\\/LOGO-BOOKTHEM-1.png\",\"contentUrl\":\"https:\\/\\/teleasistenciasaludmental.com\\/content-teleasistenciasaludmental\\/uploads\\/2020\\/05\\/LOGO-BOOKTHEM-1.png\",\"width\":203,\"height\":67,\"caption\":\"BOOKTHEM C.L.\"},\"image\":{\"@id\":\"https:\\\/\\\/teleasistenciasaludmental.com\\\/#\\\/schema\\\/logo\\\/image\\\/\"},\"sameAs\":[\"https:\\\/\\\/www.facebook.com\\\/Teleasistencia-Salud-Mental-107421707697246\\\/?modal=admin_todo_tour\",\"https:\\\/\\\/x.com\\\/teleasistencia3\",\"https:\\\/\\\/www.instagram.com\\\/teleasistenciasalud\\\/\",\"https:\\\/\\\/www.linkedin.com\\\/company\\\/66281504\\\/admin\\\/\"]}]}<\/script>\n<!-- \/ Yoast SEO plugin. -->","yoast_head_json":{"title":"Que es tele asistencia salud mental y m\u00e9dico domicilio, psic\u00f3logo, m\u00e9dico.","description":"Somos un equipo de psic\u00f3logos profesionales con diferentes especialidades en psicolog\u00eda y un equipo de m\u00e9dicos con diferentes especialidades..","robots":{"index":"index","follow":"follow","max-snippet":"max-snippet:-1","max-image-preview":"max-image-preview:large","max-video-preview":"max-video-preview:-1"},"canonical":"https:\/\/teleasistenciasaludmental.com\/en\/acerca-de-nosotros\/","og_locale":"en_US","og_type":"article","og_title":"Que es tele asistencia salud mental y m\u00e9dico domicilio, psic\u00f3logo, m\u00e9dico.","og_description":"Somos un equipo de psic\u00f3logos profesionales con diferentes especialidades en psicolog\u00eda y un equipo de m\u00e9dicos con diferentes especialidades..","og_url":"https:\/\/teleasistenciasaludmental.com\/en\/acerca-de-nosotros\/","og_site_name":"teleasistenciasaludmental","article_publisher":"https:\/\/www.facebook.com\/Teleasistencia-Salud-Mental-107421707697246\/?modal=admin_todo_tour","article_modified_time":"2025-04-27T23:22:58+00:00","og_image":[{"width":611,"height":408,"url":"https:\/\/mlri61txc0sf.i.optimole.com\/w:auto\/h:auto\/q:mauto\/f:best\/https:\/\/teleasistenciasaludmental.com\/content-teleasistenciasaludmental\/uploads\/2020\/08\/pexels-christina-morillo-1181396.jpg","type":"image\/jpeg"}],"twitter_card":"summary_large_image","twitter_site":"@teleasistencia3","twitter_misc":{"Est. reading time":"1 minute"},"schema":{"@context":"https:\/\/schema.org","@graph":[{"@type":"WebPage","@id":"https:\/\/teleasistenciasaludmental.com\/acerca-de-nosotros\/","url":"https:\/\/teleasistenciasaludmental.com\/acerca-de-nosotros\/","name":"Que es tele asistencia salud mental y m\u00e9dico domicilio, psic\u00f3logo, m\u00e9dico.","isPartOf":{"@id":"https:\/\/teleasistenciasaludmental.com\/#website"},"primaryImageOfPage":{"@id":"https:\/\/teleasistenciasaludmental.com\/acerca-de-nosotros\/#primaryimage"},"image":{"@id":"https:\/\/teleasistenciasaludmental.com\/acerca-de-nosotros\/#primaryimage"},"thumbnailUrl":"https:\/\/mlri61txc0sf.i.optimole.com\/w:auto\/h:auto\/q:mauto\/f:best\/https:\/\/i0.wp.com\/teleasistenciasaludmental.com\/content-teleasistenciasaludmental\/uploads\/2020\/08\/pexels-christina-morillo-1181396.jpg?fit=611%2C408&ssl=1","datePublished":"2020-05-09T20:48:07+00:00","dateModified":"2025-04-27T23:22:58+00:00","description":"Somos un equipo de psic\u00f3logos profesionales con diferentes especialidades en psicolog\u00eda y un equipo de m\u00e9dicos con diferentes especialidades..","breadcrumb":{"@id":"https:\/\/teleasistenciasaludmental.com\/acerca-de-nosotros\/#breadcrumb"},"inLanguage":"en-US","potentialAction":[{"@type":"ReadAction","target":["https:\/\/teleasistenciasaludmental.com\/acerca-de-nosotros\/"]}]},{"@type":"ImageObject","inLanguage":"en-US","@id":"https:\/\/teleasistenciasaludmental.com\/acerca-de-nosotros\/#primaryimage","url":"https:\/\/mlri61txc0sf.i.optimole.com\/w:auto\/h:auto\/q:mauto\/f:best\/https:\/\/i0.wp.com\/teleasistenciasaludmental.com\/content-teleasistenciasaludmental\/uploads\/2020\/08\/pexels-christina-morillo-1181396.jpg?fit=611%2C408&ssl=1","contentUrl":"https:\/\/mlri61txc0sf.i.optimole.com\/w:auto\/h:auto\/q:mauto\/f:best\/https:\/\/i0.wp.com\/teleasistenciasaludmental.com\/content-teleasistenciasaludmental\/uploads\/2020\/08\/pexels-christina-morillo-1181396.jpg?fit=611%2C408&ssl=1","width":"611","height":"408","caption":"pexels-christina-morillo-1181396"},{"@type":"BreadcrumbList","@id":"https:\/\/teleasistenciasaludmental.com\/acerca-de-nosotros\/#breadcrumb","itemListElement":[{"@type":"ListItem","position":1,"name":"Portada","item":"https:\/\/teleasistenciasaludmental.com\/"},{"@type":"ListItem","position":2,"name":"\u00bfQui\u00e9nes somos?"}]},{"@type":"WebSite","@id":"https:\/\/teleasistenciasaludmental.com\/#website","url":"https:\/\/teleasistenciasaludmental.com\/","name":"teleasistenciasaludmental","description":"Bienestar y Salud Mental","publisher":{"@id":"https:\/\/teleasistenciasaludmental.com\/#organization"},"potentialAction":[{"@type":"SearchAction","target":{"@type":"EntryPoint","urlTemplate":"https:\/\/teleasistenciasaludmental.com\/?s={search_term_string}"},"query-input":{"@type":"PropertyValueSpecification","valueRequired":true,"valueName":"search_term_string"}}],"inLanguage":"en-US"},{"@type":"Organization","@id":"https:\/\/teleasistenciasaludmental.com\/#organization","name":"BOOKTHEM C.L.","url":"https:\/\/teleasistenciasaludmental.com\/","logo":{"@type":"ImageObject","inLanguage":"en-US","@id":"https:\/\/teleasistenciasaludmental.com\/#\/schema\/logo\/image\/","url":"https:\/\/mlri61txc0sf.i.optimole.com\/w:auto\/h:auto\/q:mauto\/f:best\/https:\/\/teleasistenciasaludmental.com\/content-teleasistenciasaludmental\/uploads\/2020\/05\/LOGO-BOOKTHEM-1.png","contentUrl":"https:\/\/mlri61txc0sf.i.optimole.com\/w:auto\/h:auto\/q:mauto\/f:best\/https:\/\/teleasistenciasaludmental.com\/content-teleasistenciasaludmental\/uploads\/2020\/05\/LOGO-BOOKTHEM-1.png","width":203,"height":67,"caption":"BOOKTHEM C.L."},"image":{"@id":"https:\/\/teleasistenciasaludmental.com\/#\/schema\/logo\/image\/"},"sameAs":["https:\/\/www.facebook.com\/Teleasistencia-Salud-Mental-107421707697246\/?modal=admin_todo_tour","https:\/\/x.com\/teleasistencia3","https:\/\/www.instagram.com\/teleasistenciasalud\/","https:\/\/www.linkedin.com\/company\/66281504\/admin\/"]}]}},"jetpack_sharing_enabled":true,"_links":{"self":[{"href":"https:\/\/teleasistenciasaludmental.com\/en\/wp-json\/wp\/v2\/pages\/93","targetHints":{"allow":["GET"]}}],"collection":[{"href":"https:\/\/teleasistenciasaludmental.com\/en\/wp-json\/wp\/v2\/pages"}],"about":[{"href":"https:\/\/teleasistenciasaludmental.com\/en\/wp-json\/wp\/v2\/types\/page"}],"author":[{"embeddable":true,"href":"https:\/\/teleasistenciasaludmental.com\/en\/wp-json\/wp\/v2\/users\/3"}],"replies":[{"embeddable":true,"href":"https:\/\/teleasistenciasaludmental.com\/en\/wp-json\/wp\/v2\/comments?post=93"}],"version-history":[{"count":13,"href":"https:\/\/teleasistenciasaludmental.com\/en\/wp-json\/wp\/v2\/pages\/93\/revisions"}],"predecessor-version":[{"id":8021,"href":"https:\/\/teleasistenciasaludmental.com\/en\/wp-json\/wp\/v2\/pages\/93\/revisions\/8021"}],"wp:featuredmedia":[{"embeddable":true,"href":"https:\/\/teleasistenciasaludmental.com\/en\/wp-json\/wp\/v2\/media\/1147"}],"wp:attachment":[{"href":"https:\/\/teleasistenciasaludmental.com\/en\/wp-json\/wp\/v2\/media?parent=93"}],"curies":[{"name":"wp","href":"https:\/\/api.w.org\/{rel}","templated":true}]}}