{"id":96,"date":"2020-05-09T22:13:01","date_gmt":"2020-05-10T03:13:01","guid":{"rendered":"http:\/\/teleasistenciasaludmental.com\/privacy-policy\/"},"modified":"2020-06-23T22:04:39","modified_gmt":"2020-06-24T03:04:39","slug":"privacy-policy","status":"publish","type":"page","link":"https:\/\/teleasistenciasaludmental.com\/en\/privacy-policy\/","title":{"rendered":"Pol\u00edtica de Privacidad."},"content":{"rendered":"<p><font style=\"vertical-align: inherit;\"><font style=\"vertical-align: inherit;\">En teleasistencia salud mental, la privacidad de nuestros visitantes es de extrema importancia para nosotros. <\/font><font style=\"vertical-align: inherit;\">Este documento de pol\u00edtica de privacidad describe los tipos de informaci\u00f3n personal que teleasistencia salud mental recibe y recopila y c\u00f3mo se utiliza.<\/font><\/font><\/p><p><b><font style=\"vertical-align: inherit;\"><font style=\"vertical-align: inherit;\">Archivos de registro<\/font><\/font><\/b><\/p><p><font style=\"vertical-align: inherit;\"><font style=\"vertical-align: inherit;\">Al igual que muchos otros sitios web,&nbsp;<\/font><\/font>teleasistencia salud mental&nbsp;<font style=\"vertical-align: inherit;\">utiliza archivos de registro. <\/font><font style=\"vertical-align: inherit;\">La informaci\u00f3n dentro de los archivos de registro incluye direcciones de protocolo de Internet (IP), tipo de navegador, proveedor de servicios de Internet (ISP), sello de fecha \/ hora, p\u00e1ginas de referencia \/ salida y n\u00famero de clics para analizar tendencias, administrar el sitio, rastrear el movimiento del usuario alrededor del sitio y recopilar informaci\u00f3n demogr\u00e1fica. <\/font><font style=\"vertical-align: inherit;\">Las direcciones IP y otra informaci\u00f3n similar no est\u00e1n vinculadas a ninguna informaci\u00f3n que sea personalmente identificable.<\/font><\/p><p><b><font style=\"vertical-align: inherit;\"><font style=\"vertical-align: inherit;\">Cookies y balizas web<\/font><\/font><\/b><\/p><p><font style=\"vertical-align: inherit;\"><font style=\"vertical-align: inherit;\"><font style=\"vertical-align: inherit;\"><font style=\"vertical-align: inherit;\">&nbsp;T<\/font><\/font><\/font><\/font>eleasistencia salud mental utiliza cookies para almacenar informaci\u00f3n sobre las preferencias de los visitantes, registrar informaci\u00f3n espec\u00edfica del usuario en qu\u00e9 p\u00e1ginas accede o visita el usuario, personaliza el contenido de la p\u00e1gina web seg\u00fan el tipo de navegador de los visitantes u otra informaci\u00f3n que el visitante env\u00eda a trav\u00e9s de su navegador.<\/p><p><b><font style=\"vertical-align: inherit;\"><font style=\"vertical-align: inherit;\">Cookie de DoubleClick DART<\/font><\/font><\/b><\/p><ul><li><font style=\"vertical-align: inherit;\"><font style=\"vertical-align: inherit;\">Google, como proveedor externo, utiliza cookies para publicar anuncios en&nbsp;teleasistencia salud mental .<\/font><\/font><\/li><li><font style=\"vertical-align: inherit;\"><font style=\"vertical-align: inherit;\">El uso de Google de la cookie de DART le permite publicar anuncios a los usuarios en funci\u00f3n de su visita a<font style=\"vertical-align: inherit;\"><font style=\"vertical-align: inherit;\">&nbsp;<\/font><\/font>teleasistencia salud mental&nbsp;&nbsp;y otros sitios en Internet.<\/font><\/font><\/li><li><font style=\"vertical-align: inherit;\"><font style=\"vertical-align: inherit;\">Los usuarios pueden optar por no usar la cookie de DART visitando la pol\u00edtica de privacidad de la red de contenido y anuncios de Google en la siguiente URL: <\/font><\/font><a href=\"https:\/\/www.google.com\/policies\/privacy\/\" rel=\"nofollow\"><font style=\"vertical-align: inherit;\"><font style=\"vertical-align: inherit;\">https:\/\/www.google.com\/policies\/privacy\/<\/font><\/font><\/a><font style=\"vertical-align: inherit;\"><font style=\"vertical-align: inherit;\"> .<\/font><\/font><\/li><\/ul><p><font style=\"vertical-align: inherit;\"><font style=\"vertical-align: inherit;\">Estos servidores de anuncios de terceros o redes publicitarias utilizan tecnolog\u00eda para los anuncios y enlaces que aparecen en&nbsp;<\/font><\/font>teleasistencia salud mental&nbsp;<font style=\"vertical-align: inherit;\">que se env\u00edan directamente a sus navegadores. <\/font><font style=\"vertical-align: inherit;\">Reciben autom\u00e1ticamente su direcci\u00f3n IP cuando esto ocurre. <\/font><font style=\"vertical-align: inherit;\">Las redes publicitarias de terceros tambi\u00e9n pueden utilizar otras tecnolog\u00edas (como cookies, JavaScript o balizas web) para medir la efectividad de sus anuncios y \/ o personalizar el contenido publicitario que ve.<\/font><\/p><p><font style=\"vertical-align: inherit;\"><font style=\"vertical-align: inherit;\">Teleasistencia salud mental no tiene acceso ni control sobre estas cookies que utilizan anunciantes externos.<\/font><\/font><\/p><p><font style=\"vertical-align: inherit;\"><font style=\"vertical-align: inherit;\">Debe consultar las pol\u00edticas de privacidad respectivas de estos servidores de anuncios de terceros para obtener informaci\u00f3n m\u00e1s detallada sobre sus pr\u00e1cticas, as\u00ed como para obtener instrucciones sobre c\u00f3mo darse de baja de ciertas pr\u00e1cticas. <\/font><font style=\"vertical-align: inherit;\">La pol\u00edtica de privacidad de&nbsp;<\/font><\/font>teleasistencia salud mental no se aplica y no podemos controlar las actividades de otros anunciantes o sitios web.<\/p><p><font style=\"vertical-align: inherit;\"><font style=\"vertical-align: inherit;\">Si desea deshabilitar las cookies, puede hacerlo a trav\u00e9s de las opciones de su navegador individual. <\/font><font style=\"vertical-align: inherit;\">Se puede encontrar informaci\u00f3n m\u00e1s detallada sobre la gesti\u00f3n de cookies con navegadores web espec\u00edficos en los respectivos sitios web del navegador.<\/font><\/font><\/p>","protected":false},"excerpt":{"rendered":"<p>En teleasistencia salud mental, la privacidad de nuestros visitantes es de extrema importancia para nosotros. Este documento de pol\u00edtica de privacidad describe los tipos de informaci\u00f3n personal que teleasistencia salud mental recibe y recopila y c\u00f3mo se utiliza.Archivos de registroAl igual que muchos otros sitios web,&nbsp;teleasistencia salud mental&nbsp;utiliza archivos de [&hellip;]<\/p>\n","protected":false},"author":3,"featured_media":232,"parent":0,"menu_order":0,"comment_status":"closed","ping_status":"closed","template":"","meta":{"nf_dc_page":"","om_disable_all_campaigns":false,"_monsterinsights_skip_tracking":false,"_monsterinsights_sitenote_active":false,"_monsterinsights_sitenote_note":"","_monsterinsights_sitenote_category":0,"footnotes":""},"class_list":["post-96","page","type-page","status-publish","has-post-thumbnail","hentry"],"yoast_head":"<!-- This site is optimized with the Yoast SEO plugin v27.4 - https:\/\/yoast.com\/product\/yoast-seo-wordpress\/ -->\n<title>Pol\u00edtica de Privacidad. - teleasistenciasaludmental<\/title>\n<meta name=\"robots\" content=\"index, follow, max-snippet:-1, max-image-preview:large, max-video-preview:-1\" \/>\n<link rel=\"canonical\" href=\"https:\/\/teleasistenciasaludmental.com\/en\/privacy-policy\/\" \/>\n<meta property=\"og:locale\" content=\"en_US\" \/>\n<meta property=\"og:type\" content=\"article\" \/>\n<meta property=\"og:title\" content=\"Pol\u00edtica de Privacidad. - teleasistenciasaludmental\" \/>\n<meta property=\"og:description\" content=\"En teleasistencia salud mental, la privacidad de nuestros visitantes es de extrema importancia para nosotros. Este documento de pol\u00edtica de privacidad describe los tipos de informaci\u00f3n personal que teleasistencia salud mental recibe y recopila y c\u00f3mo se utiliza.Archivos de registroAl igual que muchos otros sitios web,&nbsp;teleasistencia salud mental&nbsp;utiliza archivos de [&hellip;]\" \/>\n<meta property=\"og:url\" content=\"https:\/\/teleasistenciasaludmental.com\/en\/privacy-policy\/\" \/>\n<meta property=\"og:site_name\" content=\"teleasistenciasaludmental\" \/>\n<meta property=\"article:publisher\" content=\"https:\/\/www.facebook.com\/Teleasistencia-Salud-Mental-107421707697246\/?modal=admin_todo_tour\" \/>\n<meta property=\"article:modified_time\" content=\"2020-06-24T03:04:39+00:00\" \/>\n<meta property=\"og:image\" content=\"https:\/\/mlri61txc0sf.i.optimole.com\/w:auto\/h:auto\/q:mauto\/f:best\/https:\/\/teleasistenciasaludmental.com\/content-teleasistenciasaludmental\/uploads\/2020\/05\/fondo-1.jpg\" \/>\n\t<meta property=\"og:image:width\" content=\"1920\" \/>\n\t<meta property=\"og:image:height\" content=\"1390\" \/>\n\t<meta property=\"og:image:type\" content=\"image\/jpeg\" \/>\n<meta name=\"twitter:card\" content=\"summary_large_image\" \/>\n<meta name=\"twitter:site\" content=\"@teleasistencia3\" \/>\n<script type=\"application\/ld+json\" class=\"yoast-schema-graph\">{\"@context\":\"https:\\\/\\\/schema.org\",\"@graph\":[{\"@type\":\"WebPage\",\"@id\":\"https:\\\/\\\/teleasistenciasaludmental.com\\\/privacy-policy\\\/\",\"url\":\"https:\\\/\\\/teleasistenciasaludmental.com\\\/privacy-policy\\\/\",\"name\":\"Pol\u00edtica de Privacidad. - teleasistenciasaludmental\",\"isPartOf\":{\"@id\":\"https:\\\/\\\/teleasistenciasaludmental.com\\\/#website\"},\"primaryImageOfPage\":{\"@id\":\"https:\\\/\\\/teleasistenciasaludmental.com\\\/privacy-policy\\\/#primaryimage\"},\"image\":{\"@id\":\"https:\\\/\\\/teleasistenciasaludmental.com\\\/privacy-policy\\\/#primaryimage\"},\"thumbnailUrl\":\"https:\\/\\/i0.wp.com\\/teleasistenciasaludmental.com\\/content-teleasistenciasaludmental\\/uploads\\/2020\\/05\\/fondo-1.jpg?fit=1920%2C1390&ssl=1\",\"datePublished\":\"2020-05-10T03:13:01+00:00\",\"dateModified\":\"2020-06-24T03:04:39+00:00\",\"breadcrumb\":{\"@id\":\"https:\\\/\\\/teleasistenciasaludmental.com\\\/privacy-policy\\\/#breadcrumb\"},\"inLanguage\":\"en-US\",\"potentialAction\":[{\"@type\":\"ReadAction\",\"target\":[\"https:\\\/\\\/teleasistenciasaludmental.com\\\/privacy-policy\\\/\"]}]},{\"@type\":\"ImageObject\",\"inLanguage\":\"en-US\",\"@id\":\"https:\\\/\\\/teleasistenciasaludmental.com\\\/privacy-policy\\\/#primaryimage\",\"url\":\"https:\\/\\/i0.wp.com\\/teleasistenciasaludmental.com\\/content-teleasistenciasaludmental\\/uploads\\/2020\\/05\\/fondo-1.jpg?fit=1920%2C1390&ssl=1\",\"contentUrl\":\"https:\\/\\/i0.wp.com\\/teleasistenciasaludmental.com\\/content-teleasistenciasaludmental\\/uploads\\/2020\\/05\\/fondo-1.jpg?fit=1920%2C1390&ssl=1\",\"width\":1920,\"height\":1390,\"caption\":\"fondo atras\"},{\"@type\":\"BreadcrumbList\",\"@id\":\"https:\\\/\\\/teleasistenciasaludmental.com\\\/privacy-policy\\\/#breadcrumb\",\"itemListElement\":[{\"@type\":\"ListItem\",\"position\":1,\"name\":\"Portada\",\"item\":\"https:\\\/\\\/teleasistenciasaludmental.com\\\/\"},{\"@type\":\"ListItem\",\"position\":2,\"name\":\"Pol\u00edtica de Privacidad.\"}]},{\"@type\":\"WebSite\",\"@id\":\"https:\\\/\\\/teleasistenciasaludmental.com\\\/#website\",\"url\":\"https:\\\/\\\/teleasistenciasaludmental.com\\\/\",\"name\":\"teleasistenciasaludmental\",\"description\":\"Bienestar y Salud Mental\",\"publisher\":{\"@id\":\"https:\\\/\\\/teleasistenciasaludmental.com\\\/#organization\"},\"potentialAction\":[{\"@type\":\"SearchAction\",\"target\":{\"@type\":\"EntryPoint\",\"urlTemplate\":\"https:\\\/\\\/teleasistenciasaludmental.com\\\/?s={search_term_string}\"},\"query-input\":{\"@type\":\"PropertyValueSpecification\",\"valueRequired\":true,\"valueName\":\"search_term_string\"}}],\"inLanguage\":\"en-US\"},{\"@type\":\"Organization\",\"@id\":\"https:\\\/\\\/teleasistenciasaludmental.com\\\/#organization\",\"name\":\"BOOKTHEM C.L.\",\"url\":\"https:\\\/\\\/teleasistenciasaludmental.com\\\/\",\"logo\":{\"@type\":\"ImageObject\",\"inLanguage\":\"en-US\",\"@id\":\"https:\\\/\\\/teleasistenciasaludmental.com\\\/#\\\/schema\\\/logo\\\/image\\\/\",\"url\":\"https:\\/\\/teleasistenciasaludmental.com\\/content-teleasistenciasaludmental\\/uploads\\/2020\\/05\\/LOGO-BOOKTHEM-1.png\",\"contentUrl\":\"https:\\/\\/teleasistenciasaludmental.com\\/content-teleasistenciasaludmental\\/uploads\\/2020\\/05\\/LOGO-BOOKTHEM-1.png\",\"width\":203,\"height\":67,\"caption\":\"BOOKTHEM C.L.\"},\"image\":{\"@id\":\"https:\\\/\\\/teleasistenciasaludmental.com\\\/#\\\/schema\\\/logo\\\/image\\\/\"},\"sameAs\":[\"https:\\\/\\\/www.facebook.com\\\/Teleasistencia-Salud-Mental-107421707697246\\\/?modal=admin_todo_tour\",\"https:\\\/\\\/x.com\\\/teleasistencia3\",\"https:\\\/\\\/www.instagram.com\\\/teleasistenciasalud\\\/\",\"https:\\\/\\\/www.linkedin.com\\\/company\\\/66281504\\\/admin\\\/\"]}]}<\/script>\n<!-- \/ Yoast SEO plugin. -->","yoast_head_json":{"title":"Pol\u00edtica de Privacidad. - teleasistenciasaludmental","robots":{"index":"index","follow":"follow","max-snippet":"max-snippet:-1","max-image-preview":"max-image-preview:large","max-video-preview":"max-video-preview:-1"},"canonical":"https:\/\/teleasistenciasaludmental.com\/en\/privacy-policy\/","og_locale":"en_US","og_type":"article","og_title":"Pol\u00edtica de Privacidad. - teleasistenciasaludmental","og_description":"En teleasistencia salud mental, la privacidad de nuestros visitantes es de extrema importancia para nosotros. Este documento de pol\u00edtica de privacidad describe los tipos de informaci\u00f3n personal que teleasistencia salud mental recibe y recopila y c\u00f3mo se utiliza.Archivos de registroAl igual que muchos otros sitios web,&nbsp;teleasistencia salud mental&nbsp;utiliza archivos de [&hellip;]","og_url":"https:\/\/teleasistenciasaludmental.com\/en\/privacy-policy\/","og_site_name":"teleasistenciasaludmental","article_publisher":"https:\/\/www.facebook.com\/Teleasistencia-Salud-Mental-107421707697246\/?modal=admin_todo_tour","article_modified_time":"2020-06-24T03:04:39+00:00","og_image":[{"width":1920,"height":1390,"url":"https:\/\/mlri61txc0sf.i.optimole.com\/w:auto\/h:auto\/q:mauto\/f:best\/https:\/\/teleasistenciasaludmental.com\/content-teleasistenciasaludmental\/uploads\/2020\/05\/fondo-1.jpg","type":"image\/jpeg"}],"twitter_card":"summary_large_image","twitter_site":"@teleasistencia3","schema":{"@context":"https:\/\/schema.org","@graph":[{"@type":"WebPage","@id":"https:\/\/teleasistenciasaludmental.com\/privacy-policy\/","url":"https:\/\/teleasistenciasaludmental.com\/privacy-policy\/","name":"Pol\u00edtica de Privacidad. - teleasistenciasaludmental","isPartOf":{"@id":"https:\/\/teleasistenciasaludmental.com\/#website"},"primaryImageOfPage":{"@id":"https:\/\/teleasistenciasaludmental.com\/privacy-policy\/#primaryimage"},"image":{"@id":"https:\/\/teleasistenciasaludmental.com\/privacy-policy\/#primaryimage"},"thumbnailUrl":"https:\/\/mlri61txc0sf.i.optimole.com\/w:auto\/h:auto\/q:mauto\/f:best\/https:\/\/i0.wp.com\/teleasistenciasaludmental.com\/content-teleasistenciasaludmental\/uploads\/2020\/05\/fondo-1.jpg?fit=1920%2C1390&ssl=1","datePublished":"2020-05-10T03:13:01+00:00","dateModified":"2020-06-24T03:04:39+00:00","breadcrumb":{"@id":"https:\/\/teleasistenciasaludmental.com\/privacy-policy\/#breadcrumb"},"inLanguage":"en-US","potentialAction":[{"@type":"ReadAction","target":["https:\/\/teleasistenciasaludmental.com\/privacy-policy\/"]}]},{"@type":"ImageObject","inLanguage":"en-US","@id":"https:\/\/teleasistenciasaludmental.com\/privacy-policy\/#primaryimage","url":"https:\/\/mlri61txc0sf.i.optimole.com\/w:auto\/h:auto\/q:mauto\/f:best\/https:\/\/i0.wp.com\/teleasistenciasaludmental.com\/content-teleasistenciasaludmental\/uploads\/2020\/05\/fondo-1.jpg?fit=1920%2C1390&ssl=1","contentUrl":"https:\/\/mlri61txc0sf.i.optimole.com\/w:auto\/h:auto\/q:mauto\/f:best\/https:\/\/i0.wp.com\/teleasistenciasaludmental.com\/content-teleasistenciasaludmental\/uploads\/2020\/05\/fondo-1.jpg?fit=1920%2C1390&ssl=1","width":1920,"height":1390,"caption":"fondo atras"},{"@type":"BreadcrumbList","@id":"https:\/\/teleasistenciasaludmental.com\/privacy-policy\/#breadcrumb","itemListElement":[{"@type":"ListItem","position":1,"name":"Portada","item":"https:\/\/teleasistenciasaludmental.com\/"},{"@type":"ListItem","position":2,"name":"Pol\u00edtica de Privacidad."}]},{"@type":"WebSite","@id":"https:\/\/teleasistenciasaludmental.com\/#website","url":"https:\/\/teleasistenciasaludmental.com\/","name":"teleasistenciasaludmental","description":"Bienestar y Salud Mental","publisher":{"@id":"https:\/\/teleasistenciasaludmental.com\/#organization"},"potentialAction":[{"@type":"SearchAction","target":{"@type":"EntryPoint","urlTemplate":"https:\/\/teleasistenciasaludmental.com\/?s={search_term_string}"},"query-input":{"@type":"PropertyValueSpecification","valueRequired":true,"valueName":"search_term_string"}}],"inLanguage":"en-US"},{"@type":"Organization","@id":"https:\/\/teleasistenciasaludmental.com\/#organization","name":"BOOKTHEM C.L.","url":"https:\/\/teleasistenciasaludmental.com\/","logo":{"@type":"ImageObject","inLanguage":"en-US","@id":"https:\/\/teleasistenciasaludmental.com\/#\/schema\/logo\/image\/","url":"https:\/\/mlri61txc0sf.i.optimole.com\/w:auto\/h:auto\/q:mauto\/f:best\/https:\/\/teleasistenciasaludmental.com\/content-teleasistenciasaludmental\/uploads\/2020\/05\/LOGO-BOOKTHEM-1.png","contentUrl":"https:\/\/mlri61txc0sf.i.optimole.com\/w:auto\/h:auto\/q:mauto\/f:best\/https:\/\/teleasistenciasaludmental.com\/content-teleasistenciasaludmental\/uploads\/2020\/05\/LOGO-BOOKTHEM-1.png","width":203,"height":67,"caption":"BOOKTHEM C.L."},"image":{"@id":"https:\/\/teleasistenciasaludmental.com\/#\/schema\/logo\/image\/"},"sameAs":["https:\/\/www.facebook.com\/Teleasistencia-Salud-Mental-107421707697246\/?modal=admin_todo_tour","https:\/\/x.com\/teleasistencia3","https:\/\/www.instagram.com\/teleasistenciasalud\/","https:\/\/www.linkedin.com\/company\/66281504\/admin\/"]}]}},"jetpack_sharing_enabled":true,"_links":{"self":[{"href":"https:\/\/teleasistenciasaludmental.com\/en\/wp-json\/wp\/v2\/pages\/96","targetHints":{"allow":["GET"]}}],"collection":[{"href":"https:\/\/teleasistenciasaludmental.com\/en\/wp-json\/wp\/v2\/pages"}],"about":[{"href":"https:\/\/teleasistenciasaludmental.com\/en\/wp-json\/wp\/v2\/types\/page"}],"author":[{"embeddable":true,"href":"https:\/\/teleasistenciasaludmental.com\/en\/wp-json\/wp\/v2\/users\/3"}],"replies":[{"embeddable":true,"href":"https:\/\/teleasistenciasaludmental.com\/en\/wp-json\/wp\/v2\/comments?post=96"}],"version-history":[{"count":3,"href":"https:\/\/teleasistenciasaludmental.com\/en\/wp-json\/wp\/v2\/pages\/96\/revisions"}],"predecessor-version":[{"id":742,"href":"https:\/\/teleasistenciasaludmental.com\/en\/wp-json\/wp\/v2\/pages\/96\/revisions\/742"}],"wp:featuredmedia":[{"embeddable":true,"href":"https:\/\/teleasistenciasaludmental.com\/en\/wp-json\/wp\/v2\/media\/232"}],"wp:attachment":[{"href":"https:\/\/teleasistenciasaludmental.com\/en\/wp-json\/wp\/v2\/media?parent=96"}],"curies":[{"name":"wp","href":"https:\/\/api.w.org\/{rel}","templated":true}]}}